{"id":72,"date":"2024-10-11T13:20:26","date_gmt":"2024-10-11T11:20:26","guid":{"rendered":"https:\/\/cypplg.iuandalucia.org\/?page_id=72"},"modified":"2024-10-15T19:35:57","modified_gmt":"2024-10-15T17:35:57","slug":"elementor-72","status":"publish","type":"page","link":"https:\/\/cypplg.iuandalucia.org\/index.php\/elementor-72\/","title":{"rendered":"\u00bfQu\u00e9 proponemos?"},"content":{"rendered":"\t\t<div data-elementor-type=\"wp-page\" data-elementor-id=\"72\" class=\"elementor elementor-72\">\n\t\t\t\t<div class=\"elementor-element elementor-element-969f720 e-flex e-con-boxed e-con e-parent\" data-id=\"969f720\" data-element_type=\"container\" data-e-type=\"container\">\n\t\t\t\t\t<div class=\"e-con-inner\">\n\t\t\t\t<div class=\"elementor-element elementor-element-aa0a0a2 elementor-widget elementor-widget-heading\" data-id=\"aa0a0a2\" data-element_type=\"widget\" data-e-type=\"widget\" data-widget_type=\"heading.default\">\n\t\t\t\t<div class=\"elementor-widget-container\">\n\t\t\t\t\t<span class=\"elementor-heading-title elementor-size-default\">\u00bfQu\u00e9 proponemos?<\/span>\t\t\t\t<\/div>\n\t\t\t\t<\/div>\n\t\t\t\t<div class=\"elementor-element elementor-element-4093010 elementor-widget elementor-widget-text-editor\" data-id=\"4093010\" data-element_type=\"widget\" data-e-type=\"widget\" data-widget_type=\"text-editor.default\">\n\t\t\t\t<div class=\"elementor-widget-container\">\n\t\t\t\t\t\t\t\t\t<p><strong>Intervenci\u00f3n p\u00fablica<\/strong>, simple y llanamente. Intervenir desde lo p\u00fabico, lo de todas y todos, para que el derecho al territorio, a vivir en nuestros barrios, en nuestros pueblos, venga a garantizar las condiciones materiales de vida de la mayor\u00eda social y no est\u00e9 supeditado por el negocio especulativo de unos pocos.\u00a0 <strong>Queremos ciudades y pueblos para la gente<\/strong>, y para ello hacemos una serie de propuestas de inicio -con el prop\u00f3sito de ir ampli\u00e1ndolas a trav\u00e9s de un proceso de trabajo\/di\u00e1logo con colectivos, agentes sociales y econ\u00f3micos y ciudadan\u00eda en general afectadas por las necesidades que pretendemos superar.<\/p><p>Propuestas de inicio que se circunscriben a primero, teniendo en cuenta la magnitud del problema, se analiza de una forma transversal las medidas relacionadas en materia de <strong>vivienda. <\/strong>Segundo, de mono sectorial avanzamos en <strong>materia tur\u00edstica, <\/strong>apostando por un modelo en el que la calidad no se mida en cifras de pernoctaciones\/visitas sino en t\u00e9rminos de sostenibilidad econ\u00f3mica, social, laboral y\/o medioambiental. Tercero, agrupamos las medidas sobre <strong>territorio<\/strong>: reto demogr\u00e1fico, actuaci\u00f3n en los barrios vulnerables, sector primario tradicional y social, ordenaci\u00f3n de los proyectos de renovables\u2026<\/p>\t\t\t\t\t\t\t\t<\/div>\n\t\t\t\t<\/div>\n\t\t\t\t<div class=\"elementor-element elementor-element-5a6eeda elementor-widget elementor-widget-n-accordion\" data-id=\"5a6eeda\" data-element_type=\"widget\" data-e-type=\"widget\" data-settings=\"{&quot;default_state&quot;:&quot;all_collapsed&quot;,&quot;max_items_expended&quot;:&quot;multiple&quot;,&quot;n_accordion_animation_duration&quot;:{&quot;unit&quot;:&quot;ms&quot;,&quot;size&quot;:400,&quot;sizes&quot;:[]}}\" data-widget_type=\"nested-accordion.default\">\n\t\t\t\t<div class=\"elementor-widget-container\">\n\t\t\t\t\t\t\t<div class=\"e-n-accordion\" aria-label=\"Accordion. Open links with Enter or Space, close with Escape, and navigate with Arrow Keys\">\n\t\t\t\t\t\t<details id=\"e-n-accordion-item-9480\" class=\"e-n-accordion-item\" >\n\t\t\t\t<summary class=\"e-n-accordion-item-title\" data-accordion-index=\"1\" tabindex=\"0\" aria-expanded=\"false\" aria-controls=\"e-n-accordion-item-9480\" >\n\t\t\t\t\t<span class='e-n-accordion-item-title-header'><div class=\"e-n-accordion-item-title-text\"> Vivienda como derecho y no como privilegio: <\/div><\/span>\n\t\t\t\t\t\t\t<span class='e-n-accordion-item-title-icon'>\n\t\t\t<span class='e-opened' ><svg aria-hidden=\"true\" class=\"e-font-icon-svg e-fas-minus\" viewBox=\"0 0 448 512\" xmlns=\"http:\/\/www.w3.org\/2000\/svg\"><path d=\"M416 208H32c-17.67 0-32 14.33-32 32v32c0 17.67 14.33 32 32 32h384c17.67 0 32-14.33 32-32v-32c0-17.67-14.33-32-32-32z\"><\/path><\/svg><\/span>\n\t\t\t<span class='e-closed'><svg aria-hidden=\"true\" class=\"e-font-icon-svg e-fas-plus\" viewBox=\"0 0 448 512\" xmlns=\"http:\/\/www.w3.org\/2000\/svg\"><path d=\"M416 208H272V64c0-17.67-14.33-32-32-32h-32c-17.67 0-32 14.33-32 32v144H32c-17.67 0-32 14.33-32 32v32c0 17.67 14.33 32 32 32h144v144c0 17.67 14.33 32 32 32h32c17.67 0 32-14.33 32-32V304h144c17.67 0 32-14.33 32-32v-32c0-17.67-14.33-32-32-32z\"><\/path><\/svg><\/span>\n\t\t<\/span>\n\n\t\t\t\t\t\t<\/summary>\n\t\t\t\t<div role=\"region\" aria-labelledby=\"e-n-accordion-item-9480\" class=\"elementor-element elementor-element-9b55755 e-con-full e-flex e-con e-child\" data-id=\"9b55755\" data-element_type=\"container\" data-e-type=\"container\">\n\t\t\t\t<div class=\"elementor-element elementor-element-f353c3a elementor-widget elementor-widget-text-editor\" data-id=\"f353c3a\" data-element_type=\"widget\" data-e-type=\"widget\" data-widget_type=\"text-editor.default\">\n\t\t\t\t<div class=\"elementor-widget-container\">\n\t\t\t\t\t\t\t\t\t<p>Hoy por hoy es uno de los mayores problemas para los andaluces y andaluzas. La <strong>especulaci\u00f3n inmobiliaria<\/strong>, <strong>la proliferaci\u00f3n incontrolada de viviendas de uso tur\u00edstico, junto con \u00a0pol\u00edtica de promoci\u00f3n de vivienda p\u00fablica cada vez menor<\/strong> son la causa del aumento desmesurado de los alquileres y unos precios prohibitivos de la compra que dan lugar que <strong>el acceso de la vivienda<\/strong>, en t\u00e9rminos generales para toda la poblaci\u00f3n y particularmente para las j\u00f3venes <strong>cada vez se aleje m\u00e1s de ser un derecho que contempla nuestra constituci\u00f3n y cuyas competencias en Andaluc\u00eda est\u00e1n contempladas en el Estatuto de Autonom\u00eda<\/strong> sin embargo el Gobierno Andaluz del Partido Popular act\u00faa como un mero espectador o relator en cuanto al problema, mientras sigue poniendo alfombras rojas a quienes originan el problema: aquellos para los que la vivienda solo es un m\u00e9todo m\u00e1s de especulaci\u00f3n y negocio.<\/p><h4>Frente al negocio especulativo: intervenci\u00f3n p\u00fablica en el mercado cumpliendo con la ley y poner l\u00edmites a las VUT.<\/h4><h5>\u00a0<\/h5><h5><strong>Moratoria, regulaci\u00f3n y limitaci\u00f3n de las VUT:<\/strong><\/h5><p>Frente al decreto descafeinado de la Junta de Andaluc\u00eda en materia de regulaci\u00f3n de las VUT, le exigimos que como administraci\u00f3n competente tome partido y aporte un marco legal a los ayuntamientos para que, a partir de una moratoria inmediata en las grandes ciudades para no otorgar m\u00e1s licencias de VUT, y a partir de ah\u00ed se regule y limite las existentes a aquellas que se pueden sostener cada ciudad sin que se ponga en riesgo el derecho a la vivienda.<\/p><h5><strong>Aplicaci\u00f3n en Andaluc\u00eda de la Ley Estatal de Vivienda:<\/strong><\/h5><p>La comunidad aut\u00f3noma andaluza, junto a la de Madrid, es donde las familias deben hacer un mayor esfuerzo para encontrar y pagar un alquiler residencial, sin haber desarrollado la norma estatal. Es necesario y urgente la declaraci\u00f3n de las zonas tensionadas existentes en Andaluc\u00eda para limitar los precios de alquiler as\u00ed como la creaci\u00f3n de los registros tanto de grandes tenedores (m\u00e1s de 10 viviendas, 5 en zonas tensionadas) y del inquilino vulnerable.<\/p><h4>Vivienda P\u00fablica para asegurar el uso social de la vivienda<\/h4><p><strong>Cumplir con la ley que le obliga a destinar el 70% de los saldos positivos anuales de los dep\u00f3sitos de alquiler a la promoci\u00f3n p\u00fablica de vivienda<\/strong> (construcci\u00f3n y\/o rehabilitaci\u00f3n) con la que se podr\u00eda ampliar el parque p\u00fablico de vivienda, con lo que ya hay en ese fondo, con m\u00e1s de 30.000 en Andaluc\u00eda.<\/p><h5><strong>Ejecutar todos los recursos que Andaluc\u00eda recibe en materia de viviendas. <\/strong><\/h5><p>En 2023, el Gobierno de la Junta no ha querido, podido, o sabido ejecutar casi 340 millones de euros en el programa de vivienda. Donde destacan los 268 millones de euros sin ejecutar en inversi\u00f3n (solo ha ejecutado el 25% del total y el 10% de las transferencias del estado) y m\u00e1s de 60 millones de euros transferidos por Espa\u00f1a de ayudas principalmente al alquiler (bono joven o programa estatal de ayudas al alquiler, entre otros)<\/p>\t\t\t\t\t\t\t\t<\/div>\n\t\t\t\t<\/div>\n\t\t\t\t<\/div>\n\t\t\t\t\t<\/details>\n\t\t\t\t\t\t<details id=\"e-n-accordion-item-9481\" class=\"e-n-accordion-item\" >\n\t\t\t\t<summary class=\"e-n-accordion-item-title\" data-accordion-index=\"2\" tabindex=\"-1\" aria-expanded=\"false\" aria-controls=\"e-n-accordion-item-9481\" >\n\t\t\t\t\t<span class='e-n-accordion-item-title-header'><div class=\"e-n-accordion-item-title-text\"> Por un modelo tur\u00edstico justo en t\u00e9rminos econ\u00f3micos, sociales, ambientales y laborales: <\/div><\/span>\n\t\t\t\t\t\t\t<span class='e-n-accordion-item-title-icon'>\n\t\t\t<span class='e-opened' ><svg aria-hidden=\"true\" class=\"e-font-icon-svg e-fas-minus\" viewBox=\"0 0 448 512\" xmlns=\"http:\/\/www.w3.org\/2000\/svg\"><path d=\"M416 208H32c-17.67 0-32 14.33-32 32v32c0 17.67 14.33 32 32 32h384c17.67 0 32-14.33 32-32v-32c0-17.67-14.33-32-32-32z\"><\/path><\/svg><\/span>\n\t\t\t<span class='e-closed'><svg aria-hidden=\"true\" class=\"e-font-icon-svg e-fas-plus\" viewBox=\"0 0 448 512\" xmlns=\"http:\/\/www.w3.org\/2000\/svg\"><path d=\"M416 208H272V64c0-17.67-14.33-32-32-32h-32c-17.67 0-32 14.33-32 32v144H32c-17.67 0-32 14.33-32 32v32c0 17.67 14.33 32 32 32h144v144c0 17.67 14.33 32 32 32h32c17.67 0 32-14.33 32-32V304h144c17.67 0 32-14.33 32-32v-32c0-17.67-14.33-32-32-32z\"><\/path><\/svg><\/span>\n\t\t<\/span>\n\n\t\t\t\t\t\t<\/summary>\n\t\t\t\t<div role=\"region\" aria-labelledby=\"e-n-accordion-item-9481\" class=\"elementor-element elementor-element-021fe98 e-con-full e-flex e-con e-child\" data-id=\"021fe98\" data-element_type=\"container\" data-e-type=\"container\">\n\t\t\t\t<div class=\"elementor-element elementor-element-df2d042 elementor-widget elementor-widget-text-editor\" data-id=\"df2d042\" data-element_type=\"widget\" data-e-type=\"widget\" data-widget_type=\"text-editor.default\">\n\t\t\t\t<div class=\"elementor-widget-container\">\n\t\t\t\t\t\t\t\t\t<p>El actual modelo de turismo genera unas consecuencias sociales y medioambientales que nos llevan necesariamente a tener que hablar de reducci\u00f3n de la huella que deja el turismo detr\u00e1s para lo que ser\u00e1 necesario si o s\u00ed decrecer. La cuesti\u00f3n es, ese decrecimiento puede venir desde la planificaci\u00f3n, diversificaci\u00f3n, redistribuci\u00f3n, o desde el morir del \u00e9xito al hacer incompatible con la realidad social y medioambiental existente.<\/p><h4>Plan andaluz por la calidad del empleo y la profesionalizaci\u00f3n en el sector tur\u00edstico de Andaluc\u00eda.<\/h4><p>Con medidas directas como la firma de un convenio de colaboraci\u00f3n con por parte del Gobierno Andaluz con el Gobierno de Espa\u00f1a, como en otras comunidades, para el <strong>refuerzo de la inspecci\u00f3n laboral en Andaluc\u00eda para el desarrollo de un Plan de acci\u00f3n frente al fraude en la contrataci\u00f3n<\/strong>, la carga de trabajo y salarios en el sector. O el impulso de Centros Comarcales de Formaci\u00f3n y Capacitaci\u00f3n en Oficios destinados, entre otros, a formar j\u00f3venes en el sector.<\/p><p>As\u00ed como otras, que se desgranan luego, de manera indirecta como la implementaci\u00f3n de <strong>Sellos distintivos en los establecimientos de Calidad del Empleo<\/strong> cuya obtenci\u00f3n se vincular\u00e1 a la entrada o no en subvenciones o promociones p\u00fablicas.<\/p><h4>Tasa Tur\u00edstica.<\/h4><p>Apostamos por la implementaci\u00f3n en Andaluc\u00eda de la Tasa Tur\u00edstica como herramienta para que <strong>desde el Turismo se contribuya tanto al mantenimiento y mejora de los servicios e infraestructuras p\u00fablica en los que la propia actividad tur\u00edstica representa un aumento intensivo<\/strong> (agua, servicio de recogida de basuras y residuos, infraestructuras viales y espacios p\u00fablicos, playas, patrimonio, etc. as\u00ed como externalidades negativas en materia medioambiental -pensemos en los efectos contaminantes del aumento de aviones, cruceros y veh\u00edculos privados en circulaci\u00f3n- y problemas de convivencia) como a paliar los efectos negativos que el turismo multiplica como puede ser las dificultades en el acceso a la vivienda.<\/p><h4>Por un Turismo Justo econ\u00f3mica, social, medioambiental y laboralmente:<\/h4><p>El sistema de estrellas o llaves en los establecimientos tur\u00edsticos debe ser complementados por unos <strong>distintivos de calidad en materia medioambiental y laboral<\/strong>. Distintivos cuya obtenci\u00f3n ser\u00e1 el primer paso para poder acceder a cualquier ayuda o incorporaci\u00f3n a promoci\u00f3n p\u00fablica.<\/p><h4>Romper la estacionalidad territorial del Turismo en Andaluc\u00eda.<\/h4><p>El Plan de Acci\u00f3n Anual de Turismo debe incorporar como eje central la desestacionalizaci\u00f3n del Turismo en Andaluc\u00eda pasando por tanto por primera vez de las palabras a los hechos. El mismo debe priorizar las acciones del <strong>Plan de Turismo en los destinos tur\u00edsticos de interior dedicando para ello al menos el 50% de los recursos<\/strong>, aportando sostenibilidad al sector y generando posibilidades de empleo frente al vaciado de las zonas rurales y de interior de Andaluc\u00eda.<\/p>\t\t\t\t\t\t\t\t<\/div>\n\t\t\t\t<\/div>\n\t\t\t\t<\/div>\n\t\t\t\t\t<\/details>\n\t\t\t\t\t\t<details id=\"e-n-accordion-item-9482\" class=\"e-n-accordion-item\" >\n\t\t\t\t<summary class=\"e-n-accordion-item-title\" data-accordion-index=\"3\" tabindex=\"-1\" aria-expanded=\"false\" aria-controls=\"e-n-accordion-item-9482\" >\n\t\t\t\t\t<span class='e-n-accordion-item-title-header'><div class=\"e-n-accordion-item-title-text\"> Pueblos vivos, ciudades habitables: <\/div><\/span>\n\t\t\t\t\t\t\t<span class='e-n-accordion-item-title-icon'>\n\t\t\t<span class='e-opened' ><svg aria-hidden=\"true\" class=\"e-font-icon-svg e-fas-minus\" viewBox=\"0 0 448 512\" xmlns=\"http:\/\/www.w3.org\/2000\/svg\"><path d=\"M416 208H32c-17.67 0-32 14.33-32 32v32c0 17.67 14.33 32 32 32h384c17.67 0 32-14.33 32-32v-32c0-17.67-14.33-32-32-32z\"><\/path><\/svg><\/span>\n\t\t\t<span class='e-closed'><svg aria-hidden=\"true\" class=\"e-font-icon-svg e-fas-plus\" viewBox=\"0 0 448 512\" xmlns=\"http:\/\/www.w3.org\/2000\/svg\"><path d=\"M416 208H272V64c0-17.67-14.33-32-32-32h-32c-17.67 0-32 14.33-32 32v144H32c-17.67 0-32 14.33-32 32v32c0 17.67 14.33 32 32 32h144v144c0 17.67 14.33 32 32 32h32c17.67 0 32-14.33 32-32V304h144c17.67 0 32-14.33 32-32v-32c0-17.67-14.33-32-32-32z\"><\/path><\/svg><\/span>\n\t\t<\/span>\n\n\t\t\t\t\t\t<\/summary>\n\t\t\t\t<div role=\"region\" aria-labelledby=\"e-n-accordion-item-9482\" class=\"elementor-element elementor-element-c63d8eb e-con-full e-flex e-con e-child\" data-id=\"c63d8eb\" data-element_type=\"container\" data-e-type=\"container\">\n\t\t\t\t<div class=\"elementor-element elementor-element-462b8c1 elementor-widget elementor-widget-text-editor\" data-id=\"462b8c1\" data-element_type=\"widget\" data-e-type=\"widget\" data-widget_type=\"text-editor.default\">\n\t\t\t\t<div class=\"elementor-widget-container\">\n\t\t\t\t\t\t\t\t\t<p>En este apartado enumeramos las distintas medidas -que se ir\u00e1n ampliando a medida del avance de la campa\u00f1a y sobre todo el aterrizaje en los distintos territorios de la misma- que tienen que ver con la gesti\u00f3n del territorio, tanto desde el punto de vista demogr\u00e1fico, econ\u00f3mico y\/o social y que se traducen en los problemas como el vaciado de las zonas rurales y de interior, la uberificaci\u00f3n del campo, la proliferaci\u00f3n de megaproyectos de renovables o la discriminaci\u00f3n por barrios de las ciudades.<\/p><h4>Desarrollo de la Estrategia andaluza frente al vaciado de las zonas rurales y de interior.<\/h4><p>Con mecanismos de participaci\u00f3n, evaluaci\u00f3n y actualizaci\u00f3n a trav\u00e9s de la Mesa Andaluza por el Reto Demogr\u00e1fico que ponga en marcha del Plan de Acci\u00f3n Anual con un presupuesto propio que aglutine tanto las acciones directas y espec\u00edficas como un plan andaluz de retorno al mundo rural especialmente para j\u00f3venes, como las transversales a trav\u00e9s de las distintas \u00e1reas de gobierno.<\/p><h5><strong>Por unos Servicios P\u00fablicos que, desde la m\u00e1xima de garantizar la igualdad de oportunidades, fije poblaci\u00f3n en la Andaluc\u00eda rural y de interior: <\/strong><\/h5><p>Cese al cierre de l\u00edneas educativas\/colegios en las zonas rurales y de interior, refuerzo estructural de la Atenci\u00f3n Primaria -m\u00e9dico 24h, asistencia pedi\u00e1trica, servicio de asistencia de urgencias de calidad\u2026-, programas de rehabilitaci\u00f3n\/regeneraci\u00f3n de vivienda\u2026<\/p><h5><strong>Por una Andaluc\u00eda conectada, vertebrada y cohesionada. <\/strong>\u00a0<\/h5><ul><li>Desarrollo junto a otras instituciones y agentes sociales y econ\u00f3micos, una estrategia andaluza por la recuperaci\u00f3n del ferrocarril, dentro de la estrategia global de transporte en Andaluc\u00eda, en la que incorporar de forma priorizada los proyectos necesarios para apostar por un modelo de transporte p\u00fablico, social y sostenible para vertebrar y cohesionar Andaluc\u00eda.<\/li><li>Solicitar la transferencia de las competencias auton\u00f3micas en materia de ferrocarril contempladas en el Estatuto de Autonom\u00eda de Andaluc\u00eda.<\/li><li>Ampliar los Consorcios Provinciales de Transporte a la totalidad de territorio provincial.<\/li><li>Establecerse como objetivo que el 25% de las inversiones viarias tanto de nuevas obras, como de mantenimiento o mejora, sean desarrolladas en v\u00edas que conecten municipios que vienen perdiendo poblaci\u00f3n.<\/li><\/ul><p><strong>Garant\u00eda de acceso de Internet de alta velocidad en las zonas rurales<\/strong> desde la coordinaci\u00f3n de todas las acciones que vienen desarroll\u00e1ndose por las distintas instituciones (Estado, Junta, Diputaciones, Ayuntamientos\u2026) que hay que incrementar y acelerar para lograr el objetivo de que en ninguna poblaci\u00f3n tenga limitado el acceso a internet al menos a 100 Mbps de velocidad de acceso a internet.<\/p><h5><strong>Por un modelo econ\u00f3mico que fije poblaci\u00f3n, desde el desarrollo end\u00f3geno, la diversificaci\u00f3n, la industrializaci\u00f3n y la apuesta por el empleo verde.\u00a0 <\/strong><\/h5><ul><li>Llevar a cabo una pol\u00edtica de incentivos a la instalaci\u00f3n de empresas, con especial atenci\u00f3n al sector industrial y energ\u00e9tico que se instalen en municipios que vienen perdiendo poblaci\u00f3n.<\/li><li>Apuesta decidida por la agroindustria, llevando a cabo ambiciosa l\u00ednea de ayudas para la construcci\u00f3n, mejora o modernizaci\u00f3n de centros de transformaci\u00f3n de productos agr\u00edcolas y ganaderos de la zona.<\/li><li>Destinar el 50% del Plan de Acci\u00f3n de Turismo anual a las acciones de turismo rural y de interior.<\/li><\/ul><h4>Por un sector agroganadero que fije poblaci\u00f3n y cuide el medio ambiente<\/h4><p>Frente a la proliferaci\u00f3n de los usos productivos especulativos que ponen en riesgo el empleo que genera el sector primario principalmente en el mundo rural y con unas importantes consecuencias medioambientales principalmente derivadas del aumento desmesurado de los recursos h\u00eddricos, as\u00ed como un mayor impacto en el h\u00e1bitat natural, degradaci\u00f3n del suelo, deforestaci\u00f3n\u2026\u00a0 nuestra apuesta se centra en la salvaguarda del modelo agr\u00edcola y ganadero tradicional y social a trav\u00e9s de:<\/p><ul><li>Reivindicamos una PAC que en su tramitaci\u00f3n tenga en cuenta el tama\u00f1o de las explotaciones y sobre todo limite las ayudas por arriba para lograr una mayor redistribuci\u00f3n por debajo para mejorar las ayudas a las peque\u00f1as explotaciones familiares.<\/li><li>Exigir cambios y mecanismos para la aplicaci\u00f3n real de la Ley de la Cadena Alimentaria, entre otros aspectos reforzando la inspecci\u00f3n auton\u00f3mica y poniendo en marcha un Observatorio Andaluz de precios alimentarios para evitar la venta a p\u00e9rdidas.<\/li><li>Limitar las ayudas y complementos auton\u00f3micos al sector primario a las peque\u00f1as y medianas explotaciones.<\/li><li>Complementar las ayudas y medidas que aseguren un relevo generacional del campo.<\/li><li>Impulsar un estudio exhaustivo sobre el mapa del sector agr\u00edcola vinculado a la oferta\/demanda de recursos h\u00eddricos de la provincia que sirva como base, para poner en marcha ayudas encaminadas a la transici\u00f3n de explotaciones a otros usos que requieran menos recursos h\u00eddricos, as\u00ed como la incorporaci\u00f3n de sistemas de transformaci\u00f3n que reduzcan las extensiones de cultivo sin mermar, todo lo contrario, el empleo y el rendimiento econ\u00f3mico que se genera.<\/li><li>Impulso decidido de la industria agroalimentaria a trav\u00e9s de la ejecuci\u00f3n de los recursos actualmente disponibles por parte de la Junta de Andaluc\u00eda para tal fin, priorizando aquellas explotaciones en zonas rurales.<\/li><\/ul><h4>Renovables s\u00ed, pero no as\u00ed:<\/h4><p>El camino hacia las renovables tiene que ser un camino que se emprenda desde la planificaci\u00f3n democr\u00e1tica del territorio, alejada pues de la especulaci\u00f3n que viene marcando la proliferaci\u00f3n de los megaparques fotovoltaicos, e\u00f3licos y en estos \u00faltimos tiempos de hidr\u00f3geno verde.<\/p><p><strong>Desarrollo de forma urgente de la Estrategia Andaluza de Energ\u00eda<\/strong> formulada desde marzo de 2021 y sin avances evidentes. Es importante avanzar hacia un modelo en el que se apueste decididamente por la generaci\u00f3n de energ\u00eda limpia a trav\u00e9s de sistemas de autoconsumo, comunidades energ\u00e9ticas, y la instalaci\u00f3n de sistemas de renovables en zonas ya degradadas.<\/p><p><strong>Culminar y puesta en marcha de la Instrucci\u00f3n\/Gu\u00eda vinculante que siente las bases para el desarrollo ordenado y eficiente de instalaciones de producci\u00f3n de energ\u00eda fotovoltaica y e\u00f3lica en nuestra comunidad aut\u00f3noma. <\/strong><\/p><p><strong>Puesta en marcha a trav\u00e9s de los Ayuntamientos de innovaciones en el planeamiento urban\u00edstico para incorporar en los mismos una ordenaci\u00f3n y regulaci\u00f3n<\/strong> tanto para la instalaci\u00f3n de los proyectos de renovables, as\u00ed como de los tendidos el\u00e9ctricos que acompa\u00f1an estos proyectos.<\/p>\t\t\t\t\t\t\t\t<\/div>\n\t\t\t\t<\/div>\n\t\t\t\t<\/div>\n\t\t\t\t\t<\/details>\n\t\t\t\t\t<\/div>\n\t\t\t\t\t\t<\/div>\n\t\t\t\t<\/div>\n\t\t\t\t\t<\/div>\n\t\t\t\t<\/div>\n\t\t\t\t<\/div>\n\t\t","protected":false},"excerpt":{"rendered":"<p>\u00bfQu\u00e9 proponemos? Intervenci\u00f3n p\u00fablica, simple y llanamente. Intervenir desde lo p\u00fabico, lo de todas y todos, para que el derecho al territorio, a vivir en nuestros barrios, en nuestros pueblos, venga a garantizar las condiciones materiales de vida de la &hellip; <a href=\"https:\/\/cypplg.iuandalucia.org\/index.php\/elementor-72\/\">Sigue leyendo <span class=\"meta-nav\">&rarr;<\/span><\/a><\/p>\n","protected":false},"author":1,"featured_media":0,"parent":0,"menu_order":0,"comment_status":"closed","ping_status":"closed","template":"","meta":{"footnotes":""},"class_list":["post-72","page","type-page","status-publish","hentry"],"_links":{"self":[{"href":"https:\/\/cypplg.iuandalucia.org\/index.php\/wp-json\/wp\/v2\/pages\/72","targetHints":{"allow":["GET"]}}],"collection":[{"href":"https:\/\/cypplg.iuandalucia.org\/index.php\/wp-json\/wp\/v2\/pages"}],"about":[{"href":"https:\/\/cypplg.iuandalucia.org\/index.php\/wp-json\/wp\/v2\/types\/page"}],"author":[{"embeddable":true,"href":"https:\/\/cypplg.iuandalucia.org\/index.php\/wp-json\/wp\/v2\/users\/1"}],"replies":[{"embeddable":true,"href":"https:\/\/cypplg.iuandalucia.org\/index.php\/wp-json\/wp\/v2\/comments?post=72"}],"version-history":[{"count":58,"href":"https:\/\/cypplg.iuandalucia.org\/index.php\/wp-json\/wp\/v2\/pages\/72\/revisions"}],"predecessor-version":[{"id":446,"href":"https:\/\/cypplg.iuandalucia.org\/index.php\/wp-json\/wp\/v2\/pages\/72\/revisions\/446"}],"wp:attachment":[{"href":"https:\/\/cypplg.iuandalucia.org\/index.php\/wp-json\/wp\/v2\/media?parent=72"}],"curies":[{"name":"wp","href":"https:\/\/api.w.org\/{rel}","templated":true}]}}