{"id":26,"date":"2024-10-10T18:25:57","date_gmt":"2024-10-10T18:25:57","guid":{"rendered":"https:\/\/cypplg.iuandalucia.org\/?page_id=26"},"modified":"2024-10-21T12:13:46","modified_gmt":"2024-10-21T10:13:46","slug":"manifiesto","status":"publish","type":"page","link":"https:\/\/cypplg.iuandalucia.org\/index.php\/manifiesto\/","title":{"rendered":"Manifiesto"},"content":{"rendered":"\t\t<div data-elementor-type=\"wp-page\" data-elementor-id=\"26\" class=\"elementor elementor-26\">\n\t\t\t\t<div class=\"elementor-element elementor-element-7e53394 e-flex e-con-boxed e-con e-parent\" data-id=\"7e53394\" data-element_type=\"container\" data-e-type=\"container\">\n\t\t\t\t\t<div class=\"e-con-inner\">\n\t\t<div class=\"elementor-element elementor-element-e1f0c2a e-grid e-con-full e-con e-child\" data-id=\"e1f0c2a\" data-element_type=\"container\" data-e-type=\"container\">\n\t\t\t\t<div class=\"elementor-element elementor-element-28aff57 elementor-widget elementor-widget-heading\" data-id=\"28aff57\" data-element_type=\"widget\" data-e-type=\"widget\" data-widget_type=\"heading.default\">\n\t\t\t\t<div class=\"elementor-widget-container\">\n\t\t\t\t\t<span class=\"elementor-heading-title elementor-size-default\">Manifiesto <\/span>\t\t\t\t<\/div>\n\t\t\t\t<\/div>\n\t\t\t\t<div class=\"elementor-element elementor-element-1b1dc96 elementor-widget elementor-widget-text-editor\" data-id=\"1b1dc96\" data-element_type=\"widget\" data-e-type=\"widget\" data-widget_type=\"text-editor.default\">\n\t\t\t\t<div class=\"elementor-widget-container\">\n\t\t\t\t\t\t\t\t\t<p><a href=\"https:\/\/cypplg.iuandalucia.org\/index.php\/manifiesto\/firmas\/\">FIRMAR<\/a>\u00a0 \u00a0<a href=\"https:\/\/cypplg.iuandalucia.org\/index.php\/manifiesto\/adhesiones\/\">VER ADHESIONES<\/a><\/p>\t\t\t\t\t\t\t\t<\/div>\n\t\t\t\t<\/div>\n\t\t\t\t<\/div>\n\t\t\t\t<div class=\"elementor-element elementor-element-c2c83b9 elementor-widget elementor-widget-heading\" data-id=\"c2c83b9\" data-element_type=\"widget\" data-e-type=\"widget\" data-widget_type=\"heading.default\">\n\t\t\t\t<div class=\"elementor-widget-container\">\n\t\t\t\t\t<h1 class=\"elementor-heading-title elementor-size-default\">NUESTRAS VIDAS IMPORTAN M\u00c1S QUE SU NEGOCIO.\nCiudades y Pueblos para la Gente<\/h1>\t\t\t\t<\/div>\n\t\t\t\t<\/div>\n\t\t\t\t<div class=\"elementor-element elementor-element-f986456 elementor-widget elementor-widget-text-editor\" data-id=\"f986456\" data-element_type=\"widget\" data-e-type=\"widget\" data-widget_type=\"text-editor.default\">\n\t\t\t\t<div class=\"elementor-widget-container\">\n\t\t\t\t\t\t\t\t\t<p>Las personas que <a href=\"https:\/\/cypplg.iuandalucia.org\/index.php\/manifiesto\/firmas\/\">firmamos este manifiesto<\/a> queremos denunciar c\u00f3mo los grandes poderes econ\u00f3micos, y sus <strong>negocios especulativos, est\u00e1n destruyendo<\/strong> poco a poco nuestras <strong>ciudades<\/strong>, nuestros <strong>pueblos<\/strong> y nuestras <strong>vidas<\/strong>.<\/p><p>Desde hace algunos a\u00f1os estamos viendo como empieza a resurgir en nuestro pa\u00eds una <strong>nueva burbuja especulativa<\/strong> <strong>en torno a la vivienda.<\/strong> El brutal aumento de los precios del <strong>alquiler<\/strong> s\u00f3lo se explica por la acci\u00f3n especulativa de grandes fondos de inversi\u00f3n, as\u00ed como por la total desregulaci\u00f3n en torno los <strong>pisos tur\u00edsticos<\/strong>.<\/p><p>Tambi\u00e9n hemos visto como poco a poco se ha ido imponiendo un <strong>modelo tur\u00edstico depredador y sin control<\/strong>, dejando grandes beneficios empresariales, pero a cambio de los empleos m\u00e1s precarios y peor pagados; a cambio de un descomunal aumento de los alquileres para las familias trabajadoras; a cambio del encarecimiento de la vida en determinados barrios y la expulsi\u00f3n de las vecinas y vecinos, as\u00ed como el peque\u00f1o comercio de toda la vida.<\/p><p>Pero esta nueva ola especulativa no se concentra s\u00f3lo en grandes ciudades, sino que <strong>tambi\u00e9n est\u00e1 atacando con dureza el medio rural<\/strong> andaluz. Grandes empresas el\u00e9ctricas <strong>acaparan tierras agr\u00edcolas<\/strong> para poner en marcha megaproyectos renovables que ponen en peligro el entorno natural. Fondos \u201cbuitre\u201d de inversi\u00f3n tambi\u00e9n acaparan tierras para desarrollar una <strong>agricultura superintensiva<\/strong> que ofrece un gran beneficio en el corto plazo, pero destruye la tierra en el largo, adem\u00e1s acabar con muchas peque\u00f1as y medianas explotaciones destruyendo miles de empleos en un sector clave para fijar poblaci\u00f3n.<\/p><p>Este capitalismo salvaje y descontrolado supone grandes <strong>beneficios para una minor\u00eda<\/strong> poderosa, pero grandes <strong>perjuicios para las familias trabajadoras<\/strong>. Adem\u00e1s, este desarrollo econ\u00f3mico injusto est\u00e1 generando una <strong>Andaluc\u00eda de dos velocidades<\/strong>. La costa y las grandes ciudades reciben mucha inversi\u00f3n, tanto privada como p\u00fablica, mientras la <strong>Andaluc\u00eda rural interior se muere<\/strong> por un despoblamiento generado por la falta total de oportunidades.<\/p><p>Es por esto que <strong>exigimos a los poderes p\u00fablicos que protejan<\/strong> los intereses de las familias trabajadoras frente a las ansias especulativas de las \u00e9lites econ\u00f3micas; que su papel no es hacerse sentir m\u00e1s c\u00f3modo al poderoso, sino trabajar en funci\u00f3n de los intereses de la mayor\u00eda social trabajadora. Exigimos que se haga una <strong>inversi\u00f3n m\u00e1s justa del dinero p\u00fablico, priorizando las necesidades de las personas<\/strong> que vivimos aqu\u00ed a las de los fondos de inversi\u00f3n multinacionales.<\/p><p>Animamos a nuestras vecinas y vecinos a decir basta, a <strong>organizarse y plantar cara a los especuladores<\/strong>, a defender algo que creemos que es de sentido com\u00fan: que nuestras vidas son m\u00e1s importantes que sus ansias de beneficio, que nuestros derechos van antes que sus privilegios, y que las ciudades y los pueblos deben gestionarse en funci\u00f3n de los intereses de la gente que vive en ellos, no de los grandes inversores especulativos.<\/p>\t\t\t\t\t\t\t\t<\/div>\n\t\t\t\t<\/div>\n\t\t\t\t<div class=\"elementor-element elementor-element-71bb170 elementor-align-center elementor-widget elementor-widget-button\" data-id=\"71bb170\" data-element_type=\"widget\" data-e-type=\"widget\" data-widget_type=\"button.default\">\n\t\t\t\t<div class=\"elementor-widget-container\">\n\t\t\t\t\t\t\t\t\t<div class=\"elementor-button-wrapper\">\n\t\t\t\t\t<a class=\"elementor-button elementor-button-link elementor-size-sm\" href=\"https:\/\/cypplg.iuandalucia.org\/index.php\/manifiesto\/firmas\/\">\n\t\t\t\t\t\t<span class=\"elementor-button-content-wrapper\">\n\t\t\t\t\t\t<span class=\"elementor-button-icon\">\n\t\t\t\t<svg aria-hidden=\"true\" class=\"e-font-icon-svg e-fas-pen\" viewBox=\"0 0 512 512\" xmlns=\"http:\/\/www.w3.org\/2000\/svg\"><path d=\"M290.74 93.24l128.02 128.02-277.99 277.99-114.14 12.6C11.35 513.54-1.56 500.62.14 485.34l12.7-114.22 277.9-277.88zm207.2-19.06l-60.11-60.11c-18.75-18.75-49.16-18.75-67.91 0l-56.55 56.55 128.02 128.02 56.55-56.55c18.75-18.76 18.75-49.16 0-67.91z\"><\/path><\/svg>\t\t\t<\/span>\n\t\t\t\t\t\t\t\t\t<span class=\"elementor-button-text\">Firma el Manifiesto<\/span>\n\t\t\t\t\t<\/span>\n\t\t\t\t\t<\/a>\n\t\t\t\t<\/div>\n\t\t\t\t\t\t\t\t<\/div>\n\t\t\t\t<\/div>\n\t\t\t\t\t<\/div>\n\t\t\t\t<\/div>\n\t\t\t\t<\/div>\n\t\t","protected":false},"excerpt":{"rendered":"<p>Manifiesto FIRMAR\u00a0 \u00a0VER ADHESIONES NUESTRAS VIDAS IMPORTAN M\u00c1S QUE SU NEGOCIO. Ciudades y Pueblos para la Gente Las personas que firmamos este manifiesto queremos denunciar c\u00f3mo los grandes poderes econ\u00f3micos, y sus negocios especulativos, est\u00e1n destruyendo poco a poco nuestras &hellip; <a href=\"https:\/\/cypplg.iuandalucia.org\/index.php\/manifiesto\/\">Sigue leyendo <span class=\"meta-nav\">&rarr;<\/span><\/a><\/p>\n","protected":false},"author":1,"featured_media":0,"parent":0,"menu_order":0,"comment_status":"closed","ping_status":"closed","template":"","meta":{"footnotes":""},"class_list":["post-26","page","type-page","status-publish","hentry"],"_links":{"self":[{"href":"https:\/\/cypplg.iuandalucia.org\/index.php\/wp-json\/wp\/v2\/pages\/26","targetHints":{"allow":["GET"]}}],"collection":[{"href":"https:\/\/cypplg.iuandalucia.org\/index.php\/wp-json\/wp\/v2\/pages"}],"about":[{"href":"https:\/\/cypplg.iuandalucia.org\/index.php\/wp-json\/wp\/v2\/types\/page"}],"author":[{"embeddable":true,"href":"https:\/\/cypplg.iuandalucia.org\/index.php\/wp-json\/wp\/v2\/users\/1"}],"replies":[{"embeddable":true,"href":"https:\/\/cypplg.iuandalucia.org\/index.php\/wp-json\/wp\/v2\/comments?post=26"}],"version-history":[{"count":64,"href":"https:\/\/cypplg.iuandalucia.org\/index.php\/wp-json\/wp\/v2\/pages\/26\/revisions"}],"predecessor-version":[{"id":531,"href":"https:\/\/cypplg.iuandalucia.org\/index.php\/wp-json\/wp\/v2\/pages\/26\/revisions\/531"}],"wp:attachment":[{"href":"https:\/\/cypplg.iuandalucia.org\/index.php\/wp-json\/wp\/v2\/media?parent=26"}],"curies":[{"name":"wp","href":"https:\/\/api.w.org\/{rel}","templated":true}]}}